{"id":1091,"date":"2011-12-19T18:30:40","date_gmt":"2011-12-19T16:30:40","guid":{"rendered":"http:\/\/www.historikerkomitee.de\/?page_id=1091"},"modified":"2013-05-13T21:53:01","modified_gmt":"2013-05-13T19:53:01","slug":"mitglieder-membres-new","status":"publish","type":"page","link":"http:\/\/www.historikerkomitee.de\/?page_id=1091","title":{"rendered":"Mitglieder \/ Membres"},"content":{"rendered":"<h2><strong><img loading=\"lazy\" class=\" wp-image-336 alignnone\" title=\"groupe1\" src=\"http:\/\/www.historikerkomitee.de\/wordpress\/wp-content\/uploads\/groupe1.gif\" alt=\"\" height=\"145\" width=\"410\" srcset=\"http:\/\/www.historikerkomitee.de\/wordpress\/wp-content\/uploads\/groupe1.gif 586w, http:\/\/www.historikerkomitee.de\/wordpress\/wp-content\/uploads\/groupe1-300x105.gif 300w\" sizes=\"(max-width: 410px) 100vw, 410px\" \/><\/strong><\/h2>\n<p style=\"text-align: justify;\">Comit\u00e9 Franco-Allemand de Recherches sur l&rsquo;Histoire de la France et de l&rsquo;Allemagne aux XIXe et XXe si\u00e8cles<br \/>\n<span style=\"color: #000080;\">Deutsch-Franz\u00f6sisches Komitee f\u00fcr die Erforschung der deutschen und franz\u00f6sischen Geschichte des 19. und 20. Jahrhunderts e.V.<\/span><\/p>\n<ul style=\"list-style-type: square;\">\n<li><span style=\"color: #000000;\"><strong><a href=\"http:\/\/www.historikerkomitee.de\/?page_id=1558\">Deutsche Mitglieder<\/a> \/Membres allemands du Comit\u00e9<\/strong><\/span><br \/>\n<span style=\"color: #000080;\"><\/span><\/li>\n<li><span style=\"color: #000000;\"><strong><a href=\"http:\/\/www.historikerkomitee.de\/?page_id=1563\">Membres fran\u00e7ais du Comit\u00e9<\/a>\/Franz\u00f6sische Mitglieder<\/strong><\/span><\/li>\n<li><span style=\"color: #000080;\"><strong><\/strong><a href=\"http:\/\/www.historikerkomitee.de\/?page_id=1575\"><strong>In Memoriam <\/strong><\/a><strong><em>Sie sind schon weggegangen&#8230;<\/em><\/strong><strong><em><\/em><\/strong>\/<strong><em>Ils nous ont quitt\u00e9&#8230;<\/em><\/strong><br \/>\n<\/span><\/li>\n<\/ul>\n<div class=\"wp-socializer wpsr-share-icons\" data-lg-action=\"show\" data-sm-action=\"show\" data-sm-width=\"768\"><div class=\"wpsr-si-inner\"><div class=\"socializer sr-popup sr-32px sr-squircle sr-opacity sr-pad\"><span class=\"sr-facebook\"><a data-id=\"facebook\" style=\"color:#ffffff;\" rel=\"nofollow\" href=\"https:\/\/www.facebook.com\/share.php?u=\" target=\"_blank\" title=\"Share this on Facebook\"><i class=\"fab fa-facebook-f\"><\/i><\/a><\/span>\n<span class=\"sr-twitter\"><a data-id=\"twitter\" style=\"color:#ffffff;\" rel=\"nofollow\" href=\"https:\/\/twitter.com\/intent\/tweet?text=%20-%20%20\" target=\"_blank\" title=\"Tweet this !\"><i class=\"fab fa-twitter\"><\/i><\/a><\/span>\n<span class=\"sr-linkedin\"><a data-id=\"linkedin\" style=\"color:#ffffff;\" rel=\"nofollow\" href=\"https:\/\/www.linkedin.com\/sharing\/share-offsite\/?url=\" target=\"_blank\" title=\"Add this to LinkedIn\"><i class=\"fab fa-linkedin-in\"><\/i><\/a><\/span>\n<span class=\"sr-pdf\"><a data-id=\"pdf\" style=\"color:#ffffff;\" rel=\"nofollow\" href=\"https:\/\/www.printfriendly.com\/print?url=\" target=\"_blank\" title=\"Convert to PDF\"><i class=\"fa fa-file-pdf\"><\/i><\/a><\/span>\n<span class=\"sr-share-menu\"><a href=\"#\" target=\"_blank\" title=\"More share links\" style=\"color:#ffffff;\" data-metadata=\"{&quot;url&quot;:&quot;&quot;,&quot;title&quot;:&quot;&quot;,&quot;excerpt&quot;:&quot;&quot;,&quot;image&quot;:&quot;&quot;,&quot;short-url&quot;:&quot;&quot;,&quot;rss-url&quot;:&quot;http:\\\/\\\/www.historikerkomitee.de\\\/?feed=rss2&quot;,&quot;comments-section&quot;:&quot;comments&quot;,&quot;raw-url&quot;:null,&quot;twitter-username&quot;:&quot;&quot;,&quot;fb-app-id&quot;:&quot;&quot;,&quot;fb-app-secret&quot;:&quot;&quot;}\"><i class=\"fa fa-plus\"><\/i><\/a><\/span><\/div><\/div><\/div>","protected":false},"excerpt":{"rendered":"<p>Comit\u00e9 Franco-Allemand de Recherches sur l&rsquo;Histoire de la France et de l&rsquo;Allemagne aux XIXe et XXe si\u00e8cles Deutsch-Franz\u00f6sisches Komitee f\u00fcr die Erforschung der deutschen und franz\u00f6sischen Geschichte des 19. und 20. Jahrhunderts e.V. Deutsche Mitglieder \/Membres allemands du Comit\u00e9 Membres fran\u00e7ais du Comit\u00e9\/Franz\u00f6sische Mitglieder In Memoriam Sie sind schon weggegangen&#8230;\/Ils nous ont quitt\u00e9&#8230;<\/p>\n","protected":false},"author":3,"featured_media":0,"parent":17,"menu_order":2,"comment_status":"closed","ping_status":"closed","template":"","meta":[],"acf":[],"_links":{"self":[{"href":"http:\/\/www.historikerkomitee.de\/index.php?rest_route=\/wp\/v2\/pages\/1091"}],"collection":[{"href":"http:\/\/www.historikerkomitee.de\/index.php?rest_route=\/wp\/v2\/pages"}],"about":[{"href":"http:\/\/www.historikerkomitee.de\/index.php?rest_route=\/wp\/v2\/types\/page"}],"author":[{"embeddable":true,"href":"http:\/\/www.historikerkomitee.de\/index.php?rest_route=\/wp\/v2\/users\/3"}],"replies":[{"embeddable":true,"href":"http:\/\/www.historikerkomitee.de\/index.php?rest_route=%2Fwp%2Fv2%2Fcomments&post=1091"}],"version-history":[{"count":45,"href":"http:\/\/www.historikerkomitee.de\/index.php?rest_route=\/wp\/v2\/pages\/1091\/revisions"}],"predecessor-version":[{"id":2215,"href":"http:\/\/www.historikerkomitee.de\/index.php?rest_route=\/wp\/v2\/pages\/1091\/revisions\/2215"}],"up":[{"embeddable":true,"href":"http:\/\/www.historikerkomitee.de\/index.php?rest_route=\/wp\/v2\/pages\/17"}],"wp:attachment":[{"href":"http:\/\/www.historikerkomitee.de\/index.php?rest_route=%2Fwp%2Fv2%2Fmedia&parent=1091"}],"curies":[{"name":"wp","href":"https:\/\/api.w.org\/{rel}","templated":true}]}}