{"id":1575,"date":"2012-04-02T09:49:10","date_gmt":"2012-04-02T07:49:10","guid":{"rendered":"http:\/\/www.historikerkomitee.de\/?page_id=1575"},"modified":"2023-03-02T19:37:43","modified_gmt":"2023-03-02T17:37:43","slug":"in-memoriam","status":"publish","type":"page","link":"http:\/\/www.historikerkomitee.de\/?page_id=1575","title":{"rendered":"In Memoriam (liste)"},"content":{"rendered":"<p style=\"text-align: center;\"><img loading=\"lazy\" class=\" size-medium wp-image-3070 aligncenter\" src=\"http:\/\/www.historikerkomitee.de\/wordpress\/wp-content\/uploads\/iStock_BOUGIES-WEB-300x200.jpg\" alt=\"iStock_BOUGIES-WEB\" width=\"300\" height=\"200\" srcset=\"http:\/\/www.historikerkomitee.de\/wordpress\/wp-content\/uploads\/iStock_BOUGIES-WEB-300x200.jpg 300w, http:\/\/www.historikerkomitee.de\/wordpress\/wp-content\/uploads\/iStock_BOUGIES-WEB-150x100.jpg 150w, http:\/\/www.historikerkomitee.de\/wordpress\/wp-content\/uploads\/iStock_BOUGIES-WEB.jpg 640w\" sizes=\"(max-width: 300px) 100vw, 300px\" \/><span style=\"color: #800000;\"><b><i>Sie sind von uns gegangen&#8230;<\/i><\/b><\/span><\/p>\n<ul>\n<li>Prof. Dr. <a href=\"http:\/\/www.historikerkomitee.de\/wordpress\/wp-content\/uploads\/Nachruf-In-memoriam-Claudia-Hiepel.pdf\"><strong>Claudia Hiepel<\/strong><\/a> (10.3.1967-13.2.2023)<\/li>\n<li>Prof. Dr. <strong>Hans-Manfred Bock<\/strong> (13.5.1940-22.8.2022)<\/li>\n<li>Prof. Dr. <a href=\"https:\/\/www.uni-kassel.de\/uni\/aktuelles\/meldung\/2022\/05\/10\/trauer-um-roland-hoehne?cHash=d6ead8b0693cd27971d26bbb134ffc90\" class=\"broken_link\" rel=\"nofollow\"><strong>Roland H\u00f6hne<\/strong><\/a> (4.9.1936-14.4.2022)<\/li>\n<li>Prof. Dr. Dr. h.c.<strong><a href=\"https:\/\/www.uni-augsburg.de\/de\/campusleben\/neuigkeiten\/2021\/11\/19\/5420\/\"><span style=\"text-decoration: underline;\"> Josef Becker<\/span> <\/a><\/strong>(1931-2021)<\/li>\n<li>Prof. Dr. <strong><a href=\"http:\/\/www.historikerkomitee.de\/?p=3778\"><span style=\"text-decoration: underline;\">Helmut Berding\u00a0<\/span><\/a><\/strong> (1930-2019)<\/li>\n<li>Prof. Dr.<strong> <span style=\"text-decoration: underline;\"><a href=\"https:\/\/www.ku.de\/news\/trauer-um-ehemaligen-ku-vizepraesidentenprof-dr-heinz-huerten\">Heinz H\u00fcrten<\/a><\/span><\/strong>(1928-2018)<\/li>\n<li>Dr<span style=\"text-decoration: underline;\"><a href=\"https:\/\/cmb.hu-berlin.de\/fr\/lequipe\/profil\/sabine-rudischhauser\"><strong> Sabine Rudischhauser <\/strong><\/a><\/span>(1962-2017)<\/li>\n<li>Prof. Dr<strong>. <a href=\"https:\/\/www.cambridge.org\/core\/services\/aop-cambridge-core\/content\/view\/FB2DFF9C8B1E8C1E0C522819447269C7\/S000893891700005Xa.pdf\/allan_mitchell_19332016.pdf\"><span style=\"text-decoration: underline;\">Allan Mitchell<\/span><\/a><\/strong>(1933-2016)<\/li>\n<li>Prof.Dr. <a href=\"http:\/\/www.historikerkomitee.de\/?p=3473\"><span style=\"text-decoration: underline;\"><strong>Lothar Hilbert<\/strong><\/span><\/a> (1924-2015)<\/li>\n<li>Prof. Dr.<a href=\"http:\/\/www.historikerkomitee.de\/?p=3054\"><span style=\"text-decoration: underline;\"><strong> Rudolf von Thadden<\/strong><\/span><\/a> (1932-2015)<\/li>\n<li>Prof. Dr.<a href=\"http:\/\/www.historikerkomitee.de\/?p=2408\"><strong><span style=\"text-decoration: underline;\"> Eberhard Weis <\/span><\/strong><\/a>(1925-2013)<\/li>\n<li>Prof. Dr.<a href=\"http:\/\/www.historikerkomitee.de\/?p=2188\"><strong> <span style=\"text-decoration: underline;\">Gilbert Ziebur<\/span>a <\/strong><\/a>(1924-2013)<\/li>\n<li>Dr.<strong> Klaus Wenger<\/strong> (1947-2012) (in <a href=\"http:\/\/www.historikerkomitee.de\/wordpress\/wp-content\/uploads\/DFHK_Bulletin_22-2012.pdf\">Bulletin 22<\/a>)<\/li>\n<li>Prof. Dr. Dr. h.c. <a href=\"http:\/\/www.historikerkomitee.de\/?p=1490\"><span style=\"text-decoration: underline;\"><strong>Klaus-J\u00fcrgen M\u00fcller<\/strong><\/span><\/a>(1930-2011)<\/li>\n<li>Prof. Dr. <span style=\"text-decoration: underline;\"><a href=\"http:\/\/www.historikerkomitee.de\/?p=1061\"><strong>Peter Kr\u00fcger <\/strong><\/a><\/span>(1935-2011)<\/li>\n<li>Pr. Dr <strong>Michael Salewski<\/strong> (1938-2010) (in <a href=\"http:\/\/www.historikerkomitee.de\/wordpress\/wp-content\/Bulletins\/DFHK_Bulletin_20-2010.pdf\">Bulletin 20<\/a>)<\/li>\n<li>Prof. Dr. <strong>Ilja Mieck<\/strong> (1932-2010) (in <a href=\"http:\/\/www.historikerkomitee.de\/wordpress\/wp-content\/Bulletins\/DFHK_Bulletin_20-2010.pdf\">Bulletin 20<\/a>)<\/li>\n<li>Dr. <strong>Ernst Weisenfeld <\/strong>(1914-2009) (in <a href=\"http:\/\/www.historikerkomitee.de\/wordpress\/wp-content\/uploads\/DFHK_Bulletin_21-2011.pdf\">Bulletin 21<\/a>)<\/li>\n<li>Prof. Dr. <strong>Marieluise Christadler<\/strong> (1934-2006) (in<a href=\"http:\/\/www.historikerkomitee.de\/wordpress\/wp-content\/Bulletins\/DFHK_Bulletin_17-2006.pdf\"> Bulletin 17<\/a>)<\/li>\n<li>Prof. Dr.<strong> Marlis Steinert<\/strong> (1922-2005)(in<a href=\"http:\/\/www.historikerkomitee.de\/wordpress\/wp-content\/Bulletins\/DFHK_Bulletin_17-2006.pdf\"> Bulletin 17<\/a>)<\/li>\n<li>Prof. Dr. <strong>Heinz-Otto Sieburg<\/strong> (1917-2003) (in<a href=\"http:\/\/www.historikerkomitee.de\/wordpress\/wp-content\/Bulletins\/DFHK_Bulletin_17-2006.pdf\"> Bulletin 17<\/a>)<\/li>\n<\/ul>\n<p style=\"padding-left: 160px;\"><span style=\"color: #800000;\"><b><i>Ils nous ont quitt\u00e9&#8230;<\/i><\/b><\/span><\/p>\n<ul>\n<li>Prof. Dr. <a href=\"http:\/\/www.historikerkomitee.de\/?p=4500\"><strong>Gilbert Krebs<\/strong><\/a> (1932-2021)<\/li>\n<li>Prof. Dr. <a href=\"http:\/\/www.historikerkomitee.de\/?p=4184\"><span style=\"text-decoration: underline;\"><strong>Jean Nurdin<\/strong><\/span><\/a> (1922-2021)<\/li>\n<li>Prof. Dr. <span style=\"text-decoration: underline;\"><a href=\"http:\/\/www.historikerkomitee.de\/?p=3741\"><strong>Pierre Guillen<\/strong><\/a><\/span> (1929-2019)<\/li>\n<li>Prof. Dr.<a href=\"http:\/\/www.historikerkomitee.de\/?p=3324\"><span style=\"text-decoration: underline;\"><strong> Fran\u00e7ois Roth<\/strong><\/span><\/a> (1936-2016)<\/li>\n<li>Prof. Dr. <a href=\"http:\/\/www.historikerkomitee.de\/?p=3066\"><span style=\"text-decoration: underline;\"><strong>Marianne Walle<\/strong><\/span><\/a> (1932-2015)<\/li>\n<li>Prof. Dr. <a href=\"http:\/\/www.historikerkomitee.de\/?p=2804\"><span style=\"text-decoration: underline;\"><strong>Jacques Bari\u00e9ty<\/strong> <\/span><\/a>(1930-2014)<\/li>\n<li>Prof. Dr. <a href=\"http:\/\/www.historikerkomitee.de\/?p=2405\"><span style=\"text-decoration: underline;\"><strong>Jean-Marie Mayeur<\/strong><\/span><\/a> (1933-2013)<\/li>\n<li>Dr. <a href=\"http:\/\/www.historikerkomitee.de\/?p=1982\"><span style=\"text-decoration: underline;\"><strong>Marie-Emmanuelle<\/strong> <strong>Reytier<\/strong><\/span><\/a> (1971- 2012)<\/li>\n<li>Prof. Dr. <a href=\"http:\/\/www.historikerkomitee.de\/?p=2558\"><span style=\"text-decoration: underline;\"><strong>Pierre Ay\u00e7oberry<\/strong><\/span><\/a> (1925- 2012)<\/li>\n<li>Prof. Dr. <a href=\"http:\/\/www.historikerkomitee.de\/?p=2553\"><span style=\"text-decoration: underline;\"><strong>Jean Philippon<\/strong><\/span><\/a> (1923-2012)<\/li>\n<li>Prof. Dr. <a href=\"http:\/\/www.historikerkomitee.de\/?p=1061\"><strong><span style=\"text-decoration: underline;\">Georges Louis Dreyfus<\/span> <\/strong><\/a>(1928-2011)<\/li>\n<li>Prof. Dr. <strong>G\u00e9rard Imhoff <\/strong>(1930-2009) (in <a href=\"http:\/\/www.historikerkomitee.de\/wordpress\/wp-content\/Bulletins\/DFHK_Bulletin_20-2010.pdf\">Bulletin 20<\/a>)<\/li>\n<li>Prof. Dr. <strong>Jean-Claude Allain <\/strong>(1934-2008) (in <a href=\"http:\/\/www.historikerkomitee.de\/wordpress\/wp-content\/Bulletins\/DFHK_Bulletin_20-2010.pdf\">Bulletin 20<\/a>)<\/li>\n<li>Dr. <strong>Marcel Spivak<\/strong> (1929-2006) (in<a href=\"http:\/\/www.historikerkomitee.de\/wordpress\/wp-content\/Bulletins\/DFHK_Bulletin_17-2006.pdf\"> Bulletin 17<\/a>)<\/li>\n<li>Prof. Dr. <strong>Jacques Gandouly<\/strong> (1933-2004) (in<a href=\"http:\/\/www.historikerkomitee.de\/wordpress\/wp-content\/Bulletins\/DFHK_Bulletin_17-2006.pdf\"> Bulletin 17<\/a>)<\/li>\n<li>Prof. Dr. <strong>Joseph Rovan<\/strong> (1918-2004) (in<a href=\"http:\/\/www.historikerkomitee.de\/wordpress\/wp-content\/Bulletins\/DFHK_Bulletin_17-2006.pdf\"> Bulletin 17<\/a>)<\/li>\n<li>Prof. Dr. <strong>Louis Dupeux <\/strong>(1932-2002) (in<a href=\"http:\/\/www.historikerkomitee.de\/wordpress\/wp-content\/Bulletins\/DFHK_Bulletin_15-2002.pdf\"> Bulletin 15<\/a>)<\/li>\n<li>Prof. Dr. <strong>Raymond Poidevin<\/strong> (1928-2000) (in<a href=\"http:\/\/www.historikerkomitee.de\/wordpress\/wp-content\/Bulletins\/DFHK_Bulletin_15-2002.pdf\"> Bulletin 15<\/a>)<strong><br \/>\n<\/strong><\/li>\n<\/ul>\n<div id=\"SL_balloon_obj\" style=\"display: block;\">\n<div id=\"SL_button\" class=\"SL_ImTranslatorLogo\" style=\"background: rgba(0, 0, 0, 0) url('moz-extension:\/\/f854a4b4-57da-436f-ae94-6e1c45a9c064\/content\/img\/util\/imtranslator-s.png') repeat scroll 0% 0%; display: none; opacity: 1; left: 47px; top: 575px;\"><\/div>\n<div id=\"SL_shadow_translation_result2\" style=\"display: none;\"><\/div>\n<div id=\"SL_shadow_translator\" style=\"display: none;\">\n<div id=\"SL_planshet\">\n<div id=\"SL_arrow_up\" style=\"background: rgba(0, 0, 0, 0) url('moz-extension:\/\/f854a4b4-57da-436f-ae94-6e1c45a9c064\/content\/img\/util\/up.png') repeat scroll 0% 0%;\"><\/div>\n<div id=\"SL_Bproviders\">\n<div id=\"SL_P0\" class=\"SL_BL_LABLE_ON\" title=\"Google\">G<\/div>\n<div id=\"SL_P1\" class=\"SL_BL_LABLE_ON\" title=\"Microsoft\">M<\/div>\n<div id=\"SL_P2\" class=\"SL_BL_LABLE_ON\" title=\"Translator\">T<\/div>\n<\/div>\n<div id=\"SL_alert_bbl\" style=\"display: none;\">\n<div id=\"SLHKclose\" style=\"background: rgba(0, 0, 0, 0) url('moz-extension:\/\/f854a4b4-57da-436f-ae94-6e1c45a9c064\/content\/img\/util\/delete.png') repeat scroll 0% 0%;\"><\/div>\n<div id=\"SL_alert_cont\"><\/div>\n<\/div>\n<div id=\"SL_TB\">\n<table id=\"SL_tables\" cellspacing=\"1\">\n<tbody>\n<tr>\n<td class=\"SL_td\" align=\"right\" width=\"10%\"><input id=\"SL_locer\" title=\"Fixer la langue\" type=\"checkbox\" \/><\/td>\n<td class=\"SL_td\" align=\"left\" width=\"20%\"><select id=\"SL_lng_from\" style=\"background: #ffffff url('moz-extension:\/\/f854a4b4-57da-436f-ae94-6e1c45a9c064\/content\/img\/util\/select.png') no-repeat scroll 100% 0px;\"><option value=\"auto\">D\u00e9tecter la langue<\/option><option value=\"af\">Afrikaans<\/option><option value=\"sq\">Albanais<\/option><option value=\"de\">Allemand<\/option><option value=\"en\">Anglais<\/option><option value=\"ar\">Arabe<\/option><option value=\"hy\">Arm\u00e9nien<\/option><option value=\"az\">Az\u00e9ri<\/option><option value=\"eu\">Basque<\/option><option value=\"bn\">Bengali<\/option><option value=\"be\">Bi\u00e9lorusse<\/option><option value=\"my\">Birman<\/option><option value=\"bs\">Bosniaque<\/option><option value=\"bg\">Bulgare<\/option><option value=\"ca\">Catalan<\/option><option value=\"ceb\">Cebuano<\/option><option value=\"ny\">Chichewa<\/option><option value=\"zh-CN\">Chinois (Simp)<\/option><option value=\"zh-TW\">Chinois (Trad)<\/option><option value=\"si\">Cingalai<\/option><option value=\"ko\">Cor\u00e9en<\/option><option value=\"ht\">Cr\u00e9ole ha\u00eftien<\/option><option value=\"hr\">Croate<\/option><option value=\"da\">Danois<\/option><option value=\"es\">Espagnol<\/option><option value=\"eo\">Esp\u00e9ranto<\/option><option value=\"et\">Estonien<\/option><option value=\"fi\">Finnois<\/option><option value=\"fr\">Fran\u00e7ais<\/option><option value=\"gl\">Galicien<\/option><option value=\"cy\">Gallois<\/option><option value=\"ka\">G\u00e9orgien<\/option><option value=\"gu\">Goudjarati<\/option><option value=\"el\">Grec<\/option><option value=\"ha\">Haoussa<\/option><option value=\"iw\">H\u00e9breu<\/option><option value=\"hi\">Hindi<\/option><option value=\"hmn\">Hmong<\/option><option value=\"hu\">Hongrois<\/option><option value=\"ig\">Igbo<\/option><option value=\"id\">Indon\u00e9sien<\/option><option value=\"ga\">Irlandais<\/option><option value=\"is\">Islandais<\/option><option value=\"it\">Italien<\/option><option value=\"ja\">Japonais<\/option><option value=\"jw\">Javanais<\/option><option value=\"kn\">Kannada<\/option><option value=\"kk\">Kazakh<\/option><option value=\"km\">Khmer<\/option><option value=\"lo\">Laotien<\/option><option value=\"la\">Latin<\/option><option value=\"lv\">Letton<\/option><option value=\"lt\">Lituanien<\/option><option value=\"mk\">Mac\u00e9donien<\/option><option value=\"ms\">Malaisien<\/option><option value=\"ml\">Malayalam<\/option><option value=\"mg\">Malgache<\/option><option value=\"mt\">Maltais<\/option><option value=\"mi\">Maori<\/option><option value=\"mr\">Marathi<\/option><option value=\"mn\">Mongol<\/option><option value=\"nl\">N\u00e9erlandais<\/option><option value=\"ne\">N\u00e9palais<\/option><option value=\"no\">Norv\u00e9gien<\/option><option value=\"uz\">Ouzbek<\/option><option value=\"pa\">Panjabi<\/option><option value=\"fa\">Persan<\/option><option value=\"pl\">Polonais<\/option><option value=\"pt\">Portugais<\/option><option value=\"ro\">Roumain<\/option><option value=\"ru\">Russe<\/option><option value=\"sr\">Serbe<\/option><option value=\"st\">Sesotho<\/option><option value=\"sk\">Slovaque<\/option><option value=\"sl\">Slov\u00e8ne<\/option><option value=\"so\">Somali<\/option><option value=\"su\">Soudanais<\/option><option value=\"sv\">Su\u00e9dois<\/option><option value=\"sw\">Swahili<\/option><option value=\"tg\">Tadjik<\/option><option value=\"tl\">Tagalog<\/option><option value=\"ta\">Tamoul<\/option><option value=\"cs\">Tch\u00e8que<\/option><option value=\"te\">Telugu<\/option><option value=\"th\">Tha\u00ef<\/option><option value=\"tr\">Turc<\/option><option value=\"uk\">Ukrainien<\/option><option value=\"ur\">Urdu<\/option><option value=\"vi\">Vietnamien<\/option><option value=\"yi\">Yiddish<\/option><option value=\"yo\">Yorouba<\/option><option value=\"zu\">Zoulou<\/option><\/select><\/td>\n<td class=\"SL_td\" align=\"center\" width=\"3\">\n<div id=\"SL_switch_b\" style=\"background: rgba(0, 0, 0, 0) url('moz-extension:\/\/f854a4b4-57da-436f-ae94-6e1c45a9c064\/content\/img\/util\/switchb.png') repeat scroll 0% 0%;\" title=\"Inverser les langues\"><\/div>\n<\/td>\n<td class=\"SL_td\" align=\"left\" width=\"20%\"><select id=\"SL_lng_to\" style=\"background: #ffffff url('moz-extension:\/\/f854a4b4-57da-436f-ae94-6e1c45a9c064\/content\/img\/util\/select.png') no-repeat scroll 100% 0px;\"><option value=\"af\">Afrikaans<\/option><option value=\"sq\">Albanais<\/option><option value=\"de\">Allemand<\/option><option value=\"en\">Anglais<\/option><option value=\"ar\">Arabe<\/option><option value=\"hy\">Arm\u00e9nien<\/option><option value=\"az\">Az\u00e9ri<\/option><option value=\"eu\">Basque<\/option><option value=\"bn\">Bengali<\/option><option value=\"be\">Bi\u00e9lorusse<\/option><option value=\"my\">Birman<\/option><option value=\"bs\">Bosniaque<\/option><option value=\"bg\">Bulgare<\/option><option value=\"ca\">Catalan<\/option><option value=\"ceb\">Cebuano<\/option><option value=\"ny\">Chichewa<\/option><option value=\"zh-CN\">Chinois (Simp)<\/option><option value=\"zh-TW\">Chinois (Trad)<\/option><option value=\"si\">Cingalai<\/option><option value=\"ko\">Cor\u00e9en<\/option><option value=\"ht\">Cr\u00e9ole ha\u00eftien<\/option><option value=\"hr\">Croate<\/option><option value=\"da\">Danois<\/option><option value=\"es\">Espagnol<\/option><option value=\"eo\">Esp\u00e9ranto<\/option><option value=\"et\">Estonien<\/option><option value=\"fi\">Finnois<\/option><option selected=\"selected\" value=\"fr\">Fran\u00e7ais<\/option><option value=\"gl\">Galicien<\/option><option value=\"cy\">Gallois<\/option><option value=\"ka\">G\u00e9orgien<\/option><option value=\"gu\">Goudjarati<\/option><option value=\"el\">Grec<\/option><option value=\"ha\">Haoussa<\/option><option value=\"iw\">H\u00e9breu<\/option><option value=\"hi\">Hindi<\/option><option value=\"hmn\">Hmong<\/option><option value=\"hu\">Hongrois<\/option><option value=\"ig\">Igbo<\/option><option value=\"id\">Indon\u00e9sien<\/option><option value=\"ga\">Irlandais<\/option><option value=\"is\">Islandais<\/option><option value=\"it\">Italien<\/option><option value=\"ja\">Japonais<\/option><option value=\"jw\">Javanais<\/option><option value=\"kn\">Kannada<\/option><option value=\"kk\">Kazakh<\/option><option value=\"km\">Khmer<\/option><option value=\"lo\">Laotien<\/option><option value=\"la\">Latin<\/option><option value=\"lv\">Letton<\/option><option value=\"lt\">Lituanien<\/option><option value=\"mk\">Mac\u00e9donien<\/option><option value=\"ms\">Malaisien<\/option><option value=\"ml\">Malayalam<\/option><option value=\"mg\">Malgache<\/option><option value=\"mt\">Maltais<\/option><option value=\"mi\">Maori<\/option><option value=\"mr\">Marathi<\/option><option value=\"mn\">Mongol<\/option><option value=\"nl\">N\u00e9erlandais<\/option><option value=\"ne\">N\u00e9palais<\/option><option value=\"no\">Norv\u00e9gien<\/option><option value=\"uz\">Ouzbek<\/option><option value=\"pa\">Panjabi<\/option><option value=\"fa\">Persan<\/option><option value=\"pl\">Polonais<\/option><option value=\"pt\">Portugais<\/option><option value=\"ro\">Roumain<\/option><option value=\"ru\">Russe<\/option><option value=\"sr\">Serbe<\/option><option value=\"st\">Sesotho<\/option><option value=\"sk\">Slovaque<\/option><option value=\"sl\">Slov\u00e8ne<\/option><option value=\"so\">Somali<\/option><option value=\"su\">Soudanais<\/option><option value=\"sv\">Su\u00e9dois<\/option><option value=\"sw\">Swahili<\/option><option value=\"tg\">Tadjik<\/option><option value=\"tl\">Tagalog<\/option><option value=\"ta\">Tamoul<\/option><option value=\"cs\">Tch\u00e8que<\/option><option value=\"te\">Telugu<\/option><option value=\"th\">Tha\u00ef<\/option><option value=\"tr\">Turc<\/option><option value=\"uk\">Ukrainien<\/option><option value=\"ur\">Urdu<\/option><option value=\"vi\">Vietnamien<\/option><option value=\"yi\">Yiddish<\/option><option value=\"yo\">Yorouba<\/option><option value=\"zu\">Zoulou<\/option><\/select><\/td>\n<td class=\"SL_td\" align=\"center\" width=\"8%\">\n<div id=\"SL_TTS_voice\" style=\"background: rgba(0, 0, 0, 0) url('moz-extension:\/\/f854a4b4-57da-436f-ae94-6e1c45a9c064\/content\/img\/util\/ttsvoice.png') repeat scroll 0% 0%;\" title=\"undefined\"><\/div>\n<\/td>\n<td class=\"SL_td\" align=\"center\" width=\"8%\">\n<div id=\"SL_copy\" class=\"SL_copy\" style=\"background: rgba(0, 0, 0, 0) url('moz-extension:\/\/f854a4b4-57da-436f-ae94-6e1c45a9c064\/content\/img\/util\/copy.png') repeat scroll 0% 0%;\" title=\"Copier\"><\/div>\n<\/td>\n<td class=\"SL_td\" align=\"center\" width=\"8%\">\n<div id=\"SL_bbl_font_patch\"><\/div>\n<div id=\"SL_bbl_font\" class=\"SL_bbl_font\" style=\"background: rgba(0, 0, 0, 0) url('moz-extension:\/\/f854a4b4-57da-436f-ae94-6e1c45a9c064\/content\/img\/util\/font.png') repeat scroll 0% 0%;\" title=\"Taille de police\"><\/div>\n<\/td>\n<td class=\"SL_td\" align=\"center\" width=\"8%\">\n<div id=\"SL_bbl_help\" style=\"background: rgba(0, 0, 0, 0) url('moz-extension:\/\/f854a4b4-57da-436f-ae94-6e1c45a9c064\/content\/img\/util\/bhelp.png') repeat scroll 0% 0%;\" title=\"Aide\"><\/div>\n<\/td>\n<td class=\"SL_td\" align=\"right\" width=\"15%\">\n<div id=\"SL_pin\" class=\"SL_pin_off\" style=\"background: rgba(0, 0, 0, 0) url('moz-extension:\/\/f854a4b4-57da-436f-ae94-6e1c45a9c064\/content\/img\/util\/pin-on.png') repeat scroll 0% 0%;\" title=\"Fixer la fen\u00eatre pop-up\"><\/div>\n<\/td>\n<\/tr>\n<\/tbody>\n<\/table>\n<\/div>\n<\/div>\n<div id=\"SL_shadow_translation_result\" style=\"visibility: visible;\"><\/div>\n<div id=\"SL_loading\" class=\"SL_loading\" style=\"background: rgba(0, 0, 0, 0) url('moz-extension:\/\/f854a4b4-57da-436f-ae94-6e1c45a9c064\/content\/img\/util\/loading.gif') repeat scroll 0% 0%;\"><\/div>\n<div id=\"SL_player2\"><\/div>\n<div id=\"SL_alert100\">Fonction Sound est limit\u00e9e \u00e0 200 caract\u00e8res<\/div>\n<div id=\"SL_Balloon_options\" style=\"background: #ffffff url('moz-extension:\/\/f854a4b4-57da-436f-ae94-6e1c45a9c064\/content\/img\/util\/bg3.png') repeat scroll 0% 0%;\">\n<div id=\"SL_arrow_down\" style=\"background: rgba(0, 0, 0, 0) url('moz-extension:\/\/f854a4b4-57da-436f-ae94-6e1c45a9c064\/content\/img\/util\/down.png') repeat scroll 0% 0%;\"><\/div>\n<table id=\"SL_tbl_opt\" width=\"100%\">\n<tbody>\n<tr>\n<td align=\"center\" width=\"5%\"><input id=\"SL_BBL_locer\" title=\"Afficher le bouton ImTranslator 3 secondes\" checked=\"checked\" type=\"checkbox\" \/><\/td>\n<td align=\"left\" width=\"5%\">\n<div id=\"SL_BBL_IMG\" style=\"background: rgba(0, 0, 0, 0) url('moz-extension:\/\/f854a4b4-57da-436f-ae94-6e1c45a9c064\/content\/img\/util\/bbl-logo.png') repeat scroll 0% 0%;\" title=\"Afficher le bouton ImTranslator 3 secondes\"><\/div>\n<\/td>\n<td align=\"center\" width=\"70%\"><a class=\"SL_options broken_link\" title=\"Afficher les options\" href=\"\/\/f854a4b4-57da-436f-ae94-6e1c45a9c064\/content\/html\/options\/options.html?bbl\" target=\"_blank\" rel=\"noopener nofollow\">Options<\/a> : <a class=\"SL_options broken_link\" title=\"Historique des traductions\" href=\"\/\/f854a4b4-57da-436f-ae94-6e1c45a9c064\/content\/html\/options\/options.html?hist\" target=\"_blank\" rel=\"noopener nofollow\">Historique<\/a> : <a class=\"SL_options broken_link\" title=\"Commentaires\" href=\"\/\/f854a4b4-57da-436f-ae94-6e1c45a9c064\/content\/html\/options\/options.html?feed\" target=\"_blank\" rel=\"noopener nofollow\">Commentaires<\/a> : <a class=\"SL_options\" title=\"Faire une contribution\" href=\"https:\/\/www.paypal.com\/cgi-bin\/webscr?cmd=_s-xclick&amp;hosted_button_id=GD9D8CPW8HFA2\" target=\"_blank\" rel=\"noopener\">Donate<\/a><\/td>\n<td align=\"right\" width=\"15%\"><span id=\"SL_Balloon_Close\" title=\"Fermer\">Fermer<\/span><\/td>\n<\/tr>\n<\/tbody>\n<\/table>\n<\/div>\n<\/div>\n<\/div>\n<div class=\"wp-socializer wpsr-share-icons\" data-lg-action=\"show\" data-sm-action=\"show\" data-sm-width=\"768\"><div class=\"wpsr-si-inner\"><div class=\"socializer sr-popup sr-32px sr-squircle sr-opacity sr-pad\"><span class=\"sr-facebook\"><a data-id=\"facebook\" style=\"color:#ffffff;\" rel=\"nofollow\" href=\"https:\/\/www.facebook.com\/share.php?u=\" target=\"_blank\" title=\"Share this on Facebook\"><i class=\"fab fa-facebook-f\"><\/i><\/a><\/span>\n<span class=\"sr-twitter\"><a data-id=\"twitter\" style=\"color:#ffffff;\" rel=\"nofollow\" href=\"https:\/\/twitter.com\/intent\/tweet?text=%20-%20%20\" target=\"_blank\" title=\"Tweet this !\"><i class=\"fab fa-twitter\"><\/i><\/a><\/span>\n<span class=\"sr-linkedin\"><a data-id=\"linkedin\" style=\"color:#ffffff;\" rel=\"nofollow\" href=\"https:\/\/www.linkedin.com\/sharing\/share-offsite\/?url=\" target=\"_blank\" title=\"Add this to LinkedIn\"><i class=\"fab fa-linkedin-in\"><\/i><\/a><\/span>\n<span class=\"sr-pdf\"><a data-id=\"pdf\" style=\"color:#ffffff;\" rel=\"nofollow\" href=\"https:\/\/www.printfriendly.com\/print?url=\" target=\"_blank\" title=\"Convert to PDF\"><i class=\"fa fa-file-pdf\"><\/i><\/a><\/span>\n<span class=\"sr-share-menu\"><a href=\"#\" target=\"_blank\" title=\"More share links\" style=\"color:#ffffff;\" data-metadata=\"{&quot;url&quot;:&quot;&quot;,&quot;title&quot;:&quot;&quot;,&quot;excerpt&quot;:&quot;&quot;,&quot;image&quot;:&quot;&quot;,&quot;short-url&quot;:&quot;&quot;,&quot;rss-url&quot;:&quot;http:\\\/\\\/www.historikerkomitee.de\\\/?feed=rss2&quot;,&quot;comments-section&quot;:&quot;comments&quot;,&quot;raw-url&quot;:null,&quot;twitter-username&quot;:&quot;&quot;,&quot;fb-app-id&quot;:&quot;&quot;,&quot;fb-app-secret&quot;:&quot;&quot;}\"><i class=\"fa fa-plus\"><\/i><\/a><\/span><\/div><\/div><\/div>","protected":false},"excerpt":{"rendered":"<p>Sie sind von uns gegangen&#8230; Prof. Dr. Claudia Hiepel (10.3.1967-13.2.2023) Prof. Dr. Hans-Manfred Bock (13.5.1940-22.8.2022) Prof. Dr. Roland H\u00f6hne (4.9.1936-14.4.2022) Prof. Dr. Dr. h.c. Josef Becker (1931-2021) Prof. Dr. Helmut Berding\u00a0 (1930-2019) Prof. Dr. Heinz H\u00fcrten(1928-2018) Dr Sabine Rudischhauser (1962-2017) Prof. Dr. Allan Mitchell(1933-2016) Prof.Dr. Lothar Hilbert (1924-2015) Prof. Dr. Rudolf von Thadden (1932-2015) Prof. &hellip; <a href=\"http:\/\/www.historikerkomitee.de\/?page_id=1575\" class=\"more-link\">Continuer la lecture de <span class=\"screen-reader-text\">In Memoriam (liste)<\/span>  <span class=\"meta-nav\">&rarr;<\/span><\/a><\/p>\n","protected":false},"author":3,"featured_media":0,"parent":1091,"menu_order":0,"comment_status":"closed","ping_status":"closed","template":"","meta":[],"acf":[],"_links":{"self":[{"href":"http:\/\/www.historikerkomitee.de\/index.php?rest_route=\/wp\/v2\/pages\/1575"}],"collection":[{"href":"http:\/\/www.historikerkomitee.de\/index.php?rest_route=\/wp\/v2\/pages"}],"about":[{"href":"http:\/\/www.historikerkomitee.de\/index.php?rest_route=\/wp\/v2\/types\/page"}],"author":[{"embeddable":true,"href":"http:\/\/www.historikerkomitee.de\/index.php?rest_route=\/wp\/v2\/users\/3"}],"replies":[{"embeddable":true,"href":"http:\/\/www.historikerkomitee.de\/index.php?rest_route=%2Fwp%2Fv2%2Fcomments&post=1575"}],"version-history":[{"count":45,"href":"http:\/\/www.historikerkomitee.de\/index.php?rest_route=\/wp\/v2\/pages\/1575\/revisions"}],"predecessor-version":[{"id":4629,"href":"http:\/\/www.historikerkomitee.de\/index.php?rest_route=\/wp\/v2\/pages\/1575\/revisions\/4629"}],"up":[{"embeddable":true,"href":"http:\/\/www.historikerkomitee.de\/index.php?rest_route=\/wp\/v2\/pages\/1091"}],"wp:attachment":[{"href":"http:\/\/www.historikerkomitee.de\/index.php?rest_route=%2Fwp%2Fv2%2Fmedia&parent=1575"}],"curies":[{"name":"wp","href":"https:\/\/api.w.org\/{rel}","templated":true}]}}