{"id":2745,"date":"2014-10-18T12:00:26","date_gmt":"2014-10-18T10:00:26","guid":{"rendered":"http:\/\/www.historikerkomitee.de\/?page_id=2745"},"modified":"2015-02-19T17:07:41","modified_gmt":"2015-02-19T15:07:41","slug":"12e-colloque-12-kolloquium-des-komitees","status":"publish","type":"page","link":"http:\/\/www.historikerkomitee.de\/?page_id=2745","title":{"rendered":"12e Colloque \/ 12. Kolloquium des Komitees"},"content":{"rendered":"<h3 style=\"text-align: center;\"><strong>La condition f\u00e9minine en France, en Allemagne et en Europe\u00a0: Regards crois\u00e9s, XIX<sup>e<\/sup>-XX<sup>e <\/sup>si\u00e8cles<\/strong><\/h3>\n<p style=\"text-align: center;\"><img loading=\"lazy\" class=\"aligncenter wp-image-2725\" src=\"http:\/\/www.historikerkomitee.de\/wordpress\/wp-content\/uploads\/affiche-coll-2014-211x300.jpg\" alt=\"affiche-coll-2014\" width=\"310\" height=\"439\" srcset=\"http:\/\/www.historikerkomitee.de\/wordpress\/wp-content\/uploads\/affiche-coll-2014-211x300.jpg 211w, http:\/\/www.historikerkomitee.de\/wordpress\/wp-content\/uploads\/affiche-coll-2014-105x150.jpg 105w, http:\/\/www.historikerkomitee.de\/wordpress\/wp-content\/uploads\/affiche-coll-2014.jpg 448w\" sizes=\"(max-width: 310px) 100vw, 310px\" \/><\/p>\n<ul>\n<li><a href=\"http:\/\/www.historikerkomitee.de\/wordpress\/wp-content\/uploads\/Grenoble_Coll-DFHK_programme_def.pdf\" target=\"_blank\"><strong>Voici le programme d\u00e9finitif<\/strong> du 12e colloque du Comit\u00e9 <\/a>tel qu&rsquo;il se tiendra du 23 au 25 octobre 2014 \u00e0 Grenoble.<\/li>\n<li>Vous trouverez \u00e9galement <a href=\"http:\/\/www.historikerkomitee.de\/wordpress\/wp-content\/uploads\/Dossier_abstracts_Coll2014.pdf\" target=\"_blank\"><strong>ici les abstracts<\/strong><\/a> de toutes les communications pr\u00e9vues.<\/li>\n<\/ul>\n<p>&nbsp;<\/p>\n<hr \/>\n<p>&nbsp;<\/p>\n<p style=\"text-align: center;\"><span style=\"font-weight: bold; color: #720000;\">Colloque 2014 &#8211; <\/span><span lang=\"DE\" style=\"color: #720000;\"><strong>Tagung 2014<\/strong><\/span><\/p>\n<p>De tr\u00e8s nombreuses propositions ont \u00e9t\u00e9 re\u00e7ues et il a fallu faire des choix&#8230;<br \/>\nBient\u00f4t en ligne, le programme.<br \/>\n<span style=\"font-weight: bold;\">Inscription en juin<\/span> pour le Colloque et l&rsquo;assembl\u00e9e g\u00e9n\u00e9rale du Comit\u00e9.<br \/>\nTous les d\u00e9tails pratiques seront alors indiqu\u00e9s.<\/p>\n<p><a style=\"font-weight: bold; color: #00007b;\" href=\"http:\/\/www.historikerkomitee.de\/?p=2574\">Revoir le descriptif<\/a><\/p>\n<div class=\"wp-socializer wpsr-share-icons\" data-lg-action=\"show\" data-sm-action=\"show\" data-sm-width=\"768\"><div class=\"wpsr-si-inner\"><div class=\"socializer sr-popup sr-32px sr-squircle sr-opacity sr-pad\"><span class=\"sr-facebook\"><a data-id=\"facebook\" style=\"color:#ffffff;\" rel=\"nofollow\" href=\"https:\/\/www.facebook.com\/share.php?u=\" target=\"_blank\" title=\"Share this on Facebook\"><i class=\"fab fa-facebook-f\"><\/i><\/a><\/span>\n<span class=\"sr-twitter\"><a data-id=\"twitter\" style=\"color:#ffffff;\" rel=\"nofollow\" href=\"https:\/\/twitter.com\/intent\/tweet?text=%20-%20%20\" target=\"_blank\" title=\"Tweet this !\"><i class=\"fab fa-twitter\"><\/i><\/a><\/span>\n<span class=\"sr-linkedin\"><a data-id=\"linkedin\" style=\"color:#ffffff;\" rel=\"nofollow\" href=\"https:\/\/www.linkedin.com\/sharing\/share-offsite\/?url=\" target=\"_blank\" title=\"Add this to LinkedIn\"><i class=\"fab fa-linkedin-in\"><\/i><\/a><\/span>\n<span class=\"sr-pdf\"><a data-id=\"pdf\" style=\"color:#ffffff;\" rel=\"nofollow\" href=\"https:\/\/www.printfriendly.com\/print?url=\" target=\"_blank\" title=\"Convert to PDF\"><i class=\"fa fa-file-pdf\"><\/i><\/a><\/span>\n<span class=\"sr-share-menu\"><a href=\"#\" target=\"_blank\" title=\"More share links\" style=\"color:#ffffff;\" data-metadata=\"{&quot;url&quot;:&quot;&quot;,&quot;title&quot;:&quot;&quot;,&quot;excerpt&quot;:&quot;&quot;,&quot;image&quot;:&quot;&quot;,&quot;short-url&quot;:&quot;&quot;,&quot;rss-url&quot;:&quot;http:\\\/\\\/www.historikerkomitee.de\\\/?feed=rss2&quot;,&quot;comments-section&quot;:&quot;comments&quot;,&quot;raw-url&quot;:null,&quot;twitter-username&quot;:&quot;&quot;,&quot;fb-app-id&quot;:&quot;&quot;,&quot;fb-app-secret&quot;:&quot;&quot;}\"><i class=\"fa fa-plus\"><\/i><\/a><\/span><\/div><\/div><\/div>","protected":false},"excerpt":{"rendered":"<p>La condition f\u00e9minine en France, en Allemagne et en Europe\u00a0: Regards crois\u00e9s, XIXe-XXe si\u00e8cles Voici le programme d\u00e9finitif du 12e colloque du Comit\u00e9 tel qu&rsquo;il se tiendra du 23 au 25 octobre 2014 \u00e0 Grenoble. Vous trouverez \u00e9galement ici les abstracts de toutes les communications pr\u00e9vues. &nbsp; &nbsp; Colloque 2014 &#8211; Tagung 2014 De tr\u00e8s &hellip; <a href=\"http:\/\/www.historikerkomitee.de\/?page_id=2745\" class=\"more-link\">Continuer la lecture de <span class=\"screen-reader-text\">12e Colloque \/ 12. Kolloquium des Komitees<\/span>  <span class=\"meta-nav\">&rarr;<\/span><\/a><\/p>\n","protected":false},"author":3,"featured_media":0,"parent":0,"menu_order":0,"comment_status":"closed","ping_status":"closed","template":"","meta":[],"acf":[],"_links":{"self":[{"href":"http:\/\/www.historikerkomitee.de\/index.php?rest_route=\/wp\/v2\/pages\/2745"}],"collection":[{"href":"http:\/\/www.historikerkomitee.de\/index.php?rest_route=\/wp\/v2\/pages"}],"about":[{"href":"http:\/\/www.historikerkomitee.de\/index.php?rest_route=\/wp\/v2\/types\/page"}],"author":[{"embeddable":true,"href":"http:\/\/www.historikerkomitee.de\/index.php?rest_route=\/wp\/v2\/users\/3"}],"replies":[{"embeddable":true,"href":"http:\/\/www.historikerkomitee.de\/index.php?rest_route=%2Fwp%2Fv2%2Fcomments&post=2745"}],"version-history":[{"count":3,"href":"http:\/\/www.historikerkomitee.de\/index.php?rest_route=\/wp\/v2\/pages\/2745\/revisions"}],"predecessor-version":[{"id":2823,"href":"http:\/\/www.historikerkomitee.de\/index.php?rest_route=\/wp\/v2\/pages\/2745\/revisions\/2823"}],"wp:attachment":[{"href":"http:\/\/www.historikerkomitee.de\/index.php?rest_route=%2Fwp%2Fv2%2Fmedia&parent=2745"}],"curies":[{"name":"wp","href":"https:\/\/api.w.org\/{rel}","templated":true}]}}