{"id":458,"date":"2011-03-10T14:48:54","date_gmt":"2011-03-10T12:48:54","guid":{"rendered":"http:\/\/www.historikerkomitee.de\/?page_id=458"},"modified":"2016-06-15T14:30:49","modified_gmt":"2016-06-15T12:30:49","slug":"les-programmes-franco-allemands","status":"publish","type":"page","link":"http:\/\/www.historikerkomitee.de\/?page_id=458","title":{"rendered":"Dt.-fr. Programme\/Programmes fr.-a."},"content":{"rendered":"<p><em><img loading=\"lazy\" class=\"alignleft size-full wp-image-236\" title=\"picto_1\" src=\"http:\/\/www.historikerkomitee.de\/wordpress\/wp-content\/uploads\/picto_1.gif\" alt=\"\" width=\"50\" height=\"31\" \/><\/em><em> <\/em><\/p>\n<h2><span style=\"color: #800000;\"><strong>Les programmes franco-allemands \/<br \/>\n<\/strong><\/span><strong>D<\/strong><span style=\"color: #800000;\"><strong>eutsch-franz\u00f6si<\/strong><\/span><strong>s<\/strong><span style=\"color: #800000;\"><strong>che Programme<\/strong><\/span><\/h2>\n<p><em>Nos membres fran\u00e7ais et allemands d\u00e9veloppent dans leurs universit\u00e9s des programmes de formation et de recherche favorisant le rapprochement franco-allemand.<\/em><\/p>\n<p><em>Vous trouverez ici (<span style=\"color: #ff0000;\">en cours&#8230;<\/span>) des liens vers les pages de pr\u00e9sentation de ces programmes et activit\u00e9s.<\/em><\/p>\n<p><em><img loading=\"lazy\" class=\"aligncenter size-full wp-image-385\" title=\"LINE7\" src=\"http:\/\/www.historikerkomitee.de\/wordpress\/wp-content\/uploads\/LINE7.gif\" alt=\"\" width=\"623\" height=\"18\" srcset=\"http:\/\/www.historikerkomitee.de\/wordpress\/wp-content\/uploads\/LINE7.gif 623w, http:\/\/www.historikerkomitee.de\/wordpress\/wp-content\/uploads\/LINE7-300x8.gif 300w\" sizes=\"(max-width: 623px) 100vw, 623px\" \/><\/em><\/p>\n<h3><span style=\"color: #333399;\"><strong><img class=\"alignleft size-full wp-image-493\" title=\"amitie-fa\" src=\"http:\/\/www.historikerkomitee.de\/wordpress\/wp-content\/uploads\/amitie-fa.ico\" alt=\"\" \/>Programme int\u00e9gr\u00e9 Sciences-Po Grenoble &#8211; Universit\u00e4t Konstanz<\/strong><\/span><\/h3>\n<p style=\"padding-left: 30px;\">Fili\u00e8re int\u00e9gr\u00e9e premier\/deuxi\u00e8me cycle d\u00e9bouchant sur un double dipl\u00f4me au niveau Master <em>(mis en place depuis 2007-2008). <\/em><\/p>\n<p style=\"padding-left: 30px;\">&#8211; L\u2019IEP offre actuellement <strong>4 sp\u00e9cialit\u00e9s<\/strong> dans ce programme\u00a0:<br \/>\n<strong>Master \u00ab\u00a0\u00c9tudes internationales et europ\u00e9ennes\u00a0\u00bb<\/strong>, EIE (sp\u00e9cialit\u00e9 recherche : Science politique de l\u2019Union europ\u00e9enne ou professionnelle : Politique et Administration europ\u00e9ennes ;<strong>Master\u00a0\u00ab\u00a0Politiques publiques et changement social\u00a0\u00bb<\/strong>, PPCS (sp\u00e9cialit\u00e9 recherche : Sciences de gouvernement compar\u00e9 ou professionnelle : villes, territoires et solidarit\u00e9).<\/p>\n<p style=\"padding-left: 30px;\">&#8211; L\u2019Universit\u00e9 de Constance d\u00e9livre le <strong>Master of Art \u00ab\u00a0Public Administration and European Governance\u00a0\u00bb <\/strong>(PAEG).<\/p>\n<p style=\"padding-left: 90px;\">Informations \/ Informationen:<br \/>\n<a href=\"http:\/\/web.archive.org\/web\/20110622194754\/http:\/\/www-sciences-po.upmf-grenoble.fr:80\/spip.php?article1164\">Sur le site de Sciences-Po Grenoble<\/a><br \/>\n<a href=\"http:\/\/www.polver.uni-konstanz.de\/studiengaenge\/master\/double-degree-masterprogramme\/master-public-administration-and-european-governance-paeg-in-kooperation-mit-dem-iep-grenoble\/\" class=\"broken_link\" rel=\"nofollow\">Auf der Webseite der Uni Konstanz<\/a><\/p>\n<p style=\"padding-left: 30px;\"><img loading=\"lazy\" class=\"aligncenter size-full wp-image-385\" title=\"LINE7\" src=\"http:\/\/www.historikerkomitee.de\/wordpress\/wp-content\/uploads\/LINE7.gif\" alt=\"\" width=\"623\" height=\"18\" srcset=\"http:\/\/www.historikerkomitee.de\/wordpress\/wp-content\/uploads\/LINE7.gif 623w, http:\/\/www.historikerkomitee.de\/wordpress\/wp-content\/uploads\/LINE7-300x8.gif 300w\" sizes=\"(max-width: 623px) 100vw, 623px\" \/><\/p>\n<div class=\"wp-socializer wpsr-share-icons\" data-lg-action=\"show\" data-sm-action=\"show\" data-sm-width=\"768\"><div class=\"wpsr-si-inner\"><div class=\"socializer sr-popup sr-32px sr-squircle sr-opacity sr-pad\"><span class=\"sr-facebook\"><a data-id=\"facebook\" style=\"color:#ffffff;\" rel=\"nofollow\" href=\"https:\/\/www.facebook.com\/share.php?u=\" target=\"_blank\" title=\"Share this on Facebook\"><i class=\"fab fa-facebook-f\"><\/i><\/a><\/span>\n<span class=\"sr-twitter\"><a data-id=\"twitter\" style=\"color:#ffffff;\" rel=\"nofollow\" href=\"https:\/\/twitter.com\/intent\/tweet?text=%20-%20%20\" target=\"_blank\" title=\"Tweet this !\"><i class=\"fab fa-twitter\"><\/i><\/a><\/span>\n<span class=\"sr-linkedin\"><a data-id=\"linkedin\" style=\"color:#ffffff;\" rel=\"nofollow\" href=\"https:\/\/www.linkedin.com\/sharing\/share-offsite\/?url=\" target=\"_blank\" title=\"Add this to LinkedIn\"><i class=\"fab fa-linkedin-in\"><\/i><\/a><\/span>\n<span class=\"sr-pdf\"><a data-id=\"pdf\" style=\"color:#ffffff;\" rel=\"nofollow\" href=\"https:\/\/www.printfriendly.com\/print?url=\" target=\"_blank\" title=\"Convert to PDF\"><i class=\"fa fa-file-pdf\"><\/i><\/a><\/span>\n<span class=\"sr-share-menu\"><a href=\"#\" target=\"_blank\" title=\"More share links\" style=\"color:#ffffff;\" data-metadata=\"{&quot;url&quot;:&quot;&quot;,&quot;title&quot;:&quot;&quot;,&quot;excerpt&quot;:&quot;&quot;,&quot;image&quot;:&quot;&quot;,&quot;short-url&quot;:&quot;&quot;,&quot;rss-url&quot;:&quot;http:\\\/\\\/www.historikerkomitee.de\\\/?feed=rss2&quot;,&quot;comments-section&quot;:&quot;comments&quot;,&quot;raw-url&quot;:null,&quot;twitter-username&quot;:&quot;&quot;,&quot;fb-app-id&quot;:&quot;&quot;,&quot;fb-app-secret&quot;:&quot;&quot;}\"><i class=\"fa fa-plus\"><\/i><\/a><\/span><\/div><\/div><\/div>","protected":false},"excerpt":{"rendered":"<p>Les programmes franco-allemands \/ Deutsch-franz\u00f6sische Programme Nos membres fran\u00e7ais et allemands d\u00e9veloppent dans leurs universit\u00e9s des programmes de formation et de recherche favorisant le rapprochement franco-allemand. Vous trouverez ici (en cours&#8230;) des liens vers les pages de pr\u00e9sentation de ces programmes et activit\u00e9s. Programme int\u00e9gr\u00e9 Sciences-Po Grenoble &#8211; Universit\u00e4t Konstanz Fili\u00e8re int\u00e9gr\u00e9e premier\/deuxi\u00e8me cycle d\u00e9bouchant &hellip; <a href=\"http:\/\/www.historikerkomitee.de\/?page_id=458\" class=\"more-link\">Continuer la lecture de <span class=\"screen-reader-text\">Dt.-fr. Programme\/Programmes fr.-a.<\/span>  <span class=\"meta-nav\">&rarr;<\/span><\/a><\/p>\n","protected":false},"author":3,"featured_media":0,"parent":127,"menu_order":4,"comment_status":"closed","ping_status":"closed","template":"","meta":[],"acf":[],"_links":{"self":[{"href":"http:\/\/www.historikerkomitee.de\/index.php?rest_route=\/wp\/v2\/pages\/458"}],"collection":[{"href":"http:\/\/www.historikerkomitee.de\/index.php?rest_route=\/wp\/v2\/pages"}],"about":[{"href":"http:\/\/www.historikerkomitee.de\/index.php?rest_route=\/wp\/v2\/types\/page"}],"author":[{"embeddable":true,"href":"http:\/\/www.historikerkomitee.de\/index.php?rest_route=\/wp\/v2\/users\/3"}],"replies":[{"embeddable":true,"href":"http:\/\/www.historikerkomitee.de\/index.php?rest_route=%2Fwp%2Fv2%2Fcomments&post=458"}],"version-history":[{"count":16,"href":"http:\/\/www.historikerkomitee.de\/index.php?rest_route=\/wp\/v2\/pages\/458\/revisions"}],"predecessor-version":[{"id":3129,"href":"http:\/\/www.historikerkomitee.de\/index.php?rest_route=\/wp\/v2\/pages\/458\/revisions\/3129"}],"up":[{"embeddable":true,"href":"http:\/\/www.historikerkomitee.de\/index.php?rest_route=\/wp\/v2\/pages\/127"}],"wp:attachment":[{"href":"http:\/\/www.historikerkomitee.de\/index.php?rest_route=%2Fwp%2Fv2%2Fmedia&parent=458"}],"curies":[{"name":"wp","href":"https:\/\/api.w.org\/{rel}","templated":true}]}}