{"id":574,"date":"2011-06-28T23:40:25","date_gmt":"2011-06-28T21:40:25","guid":{"rendered":"http:\/\/www.historikerkomitee.de\/?page_id=574"},"modified":"2021-04-14T16:15:54","modified_gmt":"2021-04-14T14:15:54","slug":"forschungslinke-liens-pour-la-recherche","status":"publish","type":"page","link":"http:\/\/www.historikerkomitee.de\/?page_id=574","title":{"rendered":"Forschungslinks\/ Liens pour la recherche"},"content":{"rendered":"<ul>\n<li>\n<h3><strong>Portails \/ Fachportale<\/strong><\/h3>\n<\/li>\n<\/ul>\n<p style=\"padding-left: 30px;\"><strong><a href=\"http:\/\/hsozkult.geschichte.hu-berlin.de\/\" target=\"_blank\" rel=\"noopener\">H-Soz-u-Kult (HSK)<\/a><br \/>\n<\/strong><\/p>\n<p style=\"padding-left: 30px;\"><strong><a href=\"http:\/\/www.clio-online.de\/\" target=\"_blank\" rel=\"noopener\">Clio online &#8211; Fachportal f\u00fcr die Geschichtswissenschaften<\/a><br \/>\n<\/strong><\/p>\n<p style=\"padding-left: 30px;\"><a href=\"http:\/\/www.historicum.net\/\" target=\"_blank\" rel=\"noopener\"><strong>historicum.net &#8211; Geschichtswissenschaften im Internet<\/strong><\/a><\/p>\n<p style=\"padding-left: 30px;\"><a href=\"http:\/\/www.zeitgeschichte-online.de\/\" target=\"_blank\" rel=\"noopener\"><strong>Zeitgeschichte Online (ZOL)<\/strong><\/a><\/p>\n<p style=\"padding-left: 30px;\"><strong><a href=\"http:\/\/www.vhd.gwdg.de\/\" target=\"_blank\" rel=\"noopener nofollow\" class=\"broken_link\">Verband der Historiker und Historikerinnen Deutschlands<\/a> (VHD)<\/strong><\/p>\n<ul>\n<li>\n<h3><strong>Centres de Recherche \/ Forschungseinrichtungen<\/strong><\/h3>\n<\/li>\n<\/ul>\n<p style=\"padding-left: 30px;\"><strong><a href=\"http:\/\/www.dfg.de\/\" target=\"_blank\" rel=\"noopener nofollow\" class=\"broken_link\">Deutsche Forschungsgemeinschaft <\/a>(DFG)<br \/>\n<\/strong><\/p>\n<p style=\"padding-left: 30px;\"><strong><a href=\"http:\/\/www.cnrs.fr\/\" target=\"_blank\" rel=\"noopener\">Centre national de la recherche scientifique<\/a> (CNRS)<br \/>\n<\/strong><\/p>\n<p style=\"padding-left: 30px;\"><strong><a href=\"http:\/\/www.daad.de\/\" target=\"_blank\" rel=\"noopener\">Deutscher Akademischer Austauschdienst<\/a> (DAAD)<br \/>\n<\/strong><\/p>\n<p style=\"padding-left: 30px;\"><strong><a href=\"http:\/\/www.dfi.de\/index.shtml\" target=\"_blank\" rel=\"noopener nofollow\" class=\"broken_link\">Deutsch-Franz\u00f6sisches Institut Ludwigsburg<\/a> (DFI)<br \/>\n<\/strong><\/p>\n<p style=\"padding-left: 30px;\"><strong><a href=\"http:\/\/www.dhi-paris.fr\/\" target=\"_blank\" rel=\"noopener\">Deutsches Historisches Institut Paris <\/a>(DHIP) \/ Institut Historique Allemand<\/strong><\/p>\n<p style=\"padding-left: 30px;\"><a href=\"http:\/\/web.fu-berlin.de\/bkvge\" target=\"_blank\" rel=\"noopener\"><strong>Berliner Kolleg f\u00fcr Vergleichende Geschichte Europas<\/strong><\/a><\/p>\n<p style=\"padding-left: 30px;\"><strong><a href=\"http:\/\/www.dfh-ufa.org\/\" target=\"_blank\" rel=\"noopener nofollow\" class=\"broken_link\">Deutsch-Franz\u00f6sische Hochschule<\/a> (DFH) \/ Universit\u00e9 Franco-Allemande (UFA)<br \/>\n<\/strong><\/p>\n<p style=\"padding-left: 30px;\"><strong><a href=\"http:\/\/www.cirac.u-cergy.fr\/\" target=\"_blank\" rel=\"noopener\">Centre d&rsquo;information et de recherche sur l&rsquo;Allemagne contemporaine <\/a>(CIRAC)<br \/>\n<\/strong><\/p>\n<p style=\"padding-left: 30px;\"><strong><a href=\"http:\/\/www.ciera.fr\/\" target=\"_blank\" rel=\"noopener nofollow\" class=\"broken_link\">Centre Interdisciplinaire d&rsquo;\u00c9tudes et de Recherches sur l&rsquo;Allemagne <\/a>(CIERA)<br \/>\n<\/strong><\/p>\n<p style=\"padding-left: 30px;\"><strong>Interdisziplin\u00e4re Forschungsgemeinschaft Frankreich\u2013Deutschland (IFFD) \/<br \/>\nGroupe interdisciplinaire de recherche Allemagne-France \u00a0(GIRAF)<br \/>\n<\/strong><\/p>\n<p style=\"padding-left: 30px;\"><strong>Mission Historique Fran\u00e7aise en Allemagne (MHFA)<br \/>\n<\/strong><\/p>\n<p style=\"padding-left: 30px;\"><strong><a href=\"http:\/\/www.cmb.hu-berlin.de\" target=\"_blank\" rel=\"noopener\">Centre Marc Bloch<\/a> (CMB)<br \/>\n<\/strong><\/p>\n<p style=\"padding-left: 30px;\"><strong><a href=\"http:\/\/www.msh-paris.fr\/\" target=\"_blank\" rel=\"noopener\">Fondation Maison des sciences de l\u2019homme<\/a> (FMSH)<\/strong><\/p>\n<p style=\"padding-left: 30px;\"><strong><a href=\"http:\/\/www.wzb.eu\/\" target=\"_blank\" rel=\"noopener\">Wissenschaftszentrum Berlin f\u00fcr Sozialforschung<\/a><br \/>\n<\/strong><\/p>\n<ul>\n<li>\n<h3><strong>Communication \/ Informationsaustausch<\/strong><\/h3>\n<\/li>\n<\/ul>\n<p style=\"padding-left: 30px;\"><strong><a href=\"http:\/\/web.archive.org\/web\/20120126102003\/http:\/\/archiv.uni-saarland.de:80\/de\/organisation\/zentrale_einrichtungen\/frz\/kooperationen\/institutionalisierte\/agfz\/\" target=\"_blank\" rel=\"noopener\">Arbeitsgemeinschaft der Frankreichzentren<\/a> (AGFZ)<br \/>\n<\/strong><\/p>\n<p style=\"padding-left: 30px;\"><strong><a href=\"http:\/\/www.ofaj.org\/\" target=\"_blank\" rel=\"noopener\">Deutsch-Franz\u00f6siches Jugendwerk <\/a>(DFJW) \/ Office Franco-Allemand pour la Jeunesse (OFAJ)<br \/>\n<\/strong><\/p>\n<p style=\"padding-left: 30px;\"><strong><a href=\"http:\/\/www.maison-de-heidelberg.org\/fede\/index.htm\" target=\"_blank\" rel=\"noopener nofollow\" class=\"broken_link\">F\u00e9d\u00e9ration des Maisons culturelles franco-allemandes en France<\/a><br \/>\n<\/strong><\/p>\n<p style=\"padding-left: 30px;\"><a href=\"http:\/\/www.goethe.de\/ins\/fr\/lp\/frindex.htm\" target=\"_blank\" rel=\"noopener\"><strong>Goethe-Institute in Frankreich<\/strong> <\/a><\/p>\n<p style=\"padding-left: 30px;\"><strong><a href=\"http:\/\/web.archive.org\/web\/20130930041213\/http:\/\/www.guez-dokumente.org:80\/kontakt.php\" target=\"_blank\" rel=\"noopener\">Gesellschaft f\u00fcr \u00fcbernationale Zusammenarbeit (G\u00fcZ) <\/a>\/ Bureau International de Liaison et de Documentation (BILD)<br \/>\n<\/strong><\/p>\n<p style=\"padding-left: 30px;\"><a href=\"http:\/\/www.institut-francais.fr\/\" target=\"_blank\" rel=\"noopener\"><strong>Instituts fran\u00e7ais en Allemagne<\/strong><\/a><\/p>\n<div class=\"wp-socializer wpsr-share-icons\" data-lg-action=\"show\" data-sm-action=\"show\" data-sm-width=\"768\"><div class=\"wpsr-si-inner\"><div class=\"socializer sr-popup sr-32px sr-squircle sr-opacity sr-pad\"><span class=\"sr-facebook\"><a data-id=\"facebook\" style=\"color:#ffffff;\" rel=\"nofollow\" href=\"https:\/\/www.facebook.com\/share.php?u=\" target=\"_blank\" title=\"Share this on Facebook\"><i class=\"fab fa-facebook-f\"><\/i><\/a><\/span>\n<span class=\"sr-twitter\"><a data-id=\"twitter\" style=\"color:#ffffff;\" rel=\"nofollow\" href=\"https:\/\/twitter.com\/intent\/tweet?text=%20-%20%20\" target=\"_blank\" title=\"Tweet this !\"><i class=\"fab fa-twitter\"><\/i><\/a><\/span>\n<span class=\"sr-linkedin\"><a data-id=\"linkedin\" style=\"color:#ffffff;\" rel=\"nofollow\" href=\"https:\/\/www.linkedin.com\/sharing\/share-offsite\/?url=\" target=\"_blank\" title=\"Add this to LinkedIn\"><i class=\"fab fa-linkedin-in\"><\/i><\/a><\/span>\n<span class=\"sr-pdf\"><a data-id=\"pdf\" style=\"color:#ffffff;\" rel=\"nofollow\" href=\"https:\/\/www.printfriendly.com\/print?url=\" target=\"_blank\" title=\"Convert to PDF\"><i class=\"fa fa-file-pdf\"><\/i><\/a><\/span>\n<span class=\"sr-share-menu\"><a href=\"#\" target=\"_blank\" title=\"More share links\" style=\"color:#ffffff;\" data-metadata=\"{&quot;url&quot;:&quot;&quot;,&quot;title&quot;:&quot;&quot;,&quot;excerpt&quot;:&quot;&quot;,&quot;image&quot;:&quot;&quot;,&quot;short-url&quot;:&quot;&quot;,&quot;rss-url&quot;:&quot;http:\\\/\\\/www.historikerkomitee.de\\\/?feed=rss2&quot;,&quot;comments-section&quot;:&quot;comments&quot;,&quot;raw-url&quot;:null,&quot;twitter-username&quot;:&quot;&quot;,&quot;fb-app-id&quot;:&quot;&quot;,&quot;fb-app-secret&quot;:&quot;&quot;}\"><i class=\"fa fa-plus\"><\/i><\/a><\/span><\/div><\/div><\/div>","protected":false},"excerpt":{"rendered":"<p>Portails \/ Fachportale H-Soz-u-Kult (HSK) Clio online &#8211; Fachportal f\u00fcr die Geschichtswissenschaften historicum.net &#8211; Geschichtswissenschaften im Internet Zeitgeschichte Online (ZOL) Verband der Historiker und Historikerinnen Deutschlands (VHD) Centres de Recherche \/ Forschungseinrichtungen Deutsche Forschungsgemeinschaft (DFG) Centre national de la recherche scientifique (CNRS) Deutscher Akademischer Austauschdienst (DAAD) Deutsch-Franz\u00f6sisches Institut Ludwigsburg (DFI) Deutsches Historisches Institut Paris (DHIP) &hellip; <a href=\"http:\/\/www.historikerkomitee.de\/?page_id=574\" class=\"more-link\">Continuer la lecture de <span class=\"screen-reader-text\">Forschungslinks\/ Liens pour la recherche<\/span>  <span class=\"meta-nav\">&rarr;<\/span><\/a><\/p>\n","protected":false},"author":3,"featured_media":0,"parent":94,"menu_order":5,"comment_status":"closed","ping_status":"closed","template":"","meta":[],"acf":[],"_links":{"self":[{"href":"http:\/\/www.historikerkomitee.de\/index.php?rest_route=\/wp\/v2\/pages\/574"}],"collection":[{"href":"http:\/\/www.historikerkomitee.de\/index.php?rest_route=\/wp\/v2\/pages"}],"about":[{"href":"http:\/\/www.historikerkomitee.de\/index.php?rest_route=\/wp\/v2\/types\/page"}],"author":[{"embeddable":true,"href":"http:\/\/www.historikerkomitee.de\/index.php?rest_route=\/wp\/v2\/users\/3"}],"replies":[{"embeddable":true,"href":"http:\/\/www.historikerkomitee.de\/index.php?rest_route=%2Fwp%2Fv2%2Fcomments&post=574"}],"version-history":[{"count":13,"href":"http:\/\/www.historikerkomitee.de\/index.php?rest_route=\/wp\/v2\/pages\/574\/revisions"}],"predecessor-version":[{"id":4066,"href":"http:\/\/www.historikerkomitee.de\/index.php?rest_route=\/wp\/v2\/pages\/574\/revisions\/4066"}],"up":[{"embeddable":true,"href":"http:\/\/www.historikerkomitee.de\/index.php?rest_route=\/wp\/v2\/pages\/94"}],"wp:attachment":[{"href":"http:\/\/www.historikerkomitee.de\/index.php?rest_route=%2Fwp%2Fv2%2Fmedia&parent=574"}],"curies":[{"name":"wp","href":"https:\/\/api.w.org\/{rel}","templated":true}]}}