{"id":986,"date":"2011-12-01T17:07:04","date_gmt":"2011-12-01T15:07:04","guid":{"rendered":"http:\/\/www.historikerkomitee.de\/?page_id=986"},"modified":"2013-05-13T21:55:09","modified_gmt":"2013-05-13T19:55:09","slug":"table-ronde-du-30-nov-2011-reportage-photos","status":"publish","type":"page","link":"http:\/\/www.historikerkomitee.de\/?page_id=986","title":{"rendered":"Table-ronde du 30 nov. 2011 &#8211; reportage photos"},"content":{"rendered":"<h3 style=\"text-align: center;\">Table ronde organis\u00e9e par le  Comit\u00e9 <strong><br \/>\nLa France et la construction du Mur de Berlin<br \/>\n<\/strong><\/h3>\n<h4 style=\"text-align: center;\"><strong>le mercredi 30 novembre 2011 \u00e0 19h30<\/strong><br \/>\n\u00e0 la Maison  Heinrich Heine (Cit\u00e9 internationale \u00e0 Paris)<\/h4>\n<p>Apr\u00e8s la table-ronde organis\u00e9e par le  Comit\u00e9 <strong>mercredi 30 novembre<\/strong> pour comm\u00e9morer le 50e anniversaire de la construction du mur de Berlin  (La France et la construction du Mur de Berlin) \u2013 vous trouverez  ici<strong> un court reportage photos<\/strong> de cette soir\u00e9e chaleureuse et tr\u00e8s r\u00e9ussie&#8230; Le public \u00e9tait au rendez-vous!<\/p>\n<p><em>avec  la participation des professeurs Cyril Buffet,  Etienne    Fran\u00e7ois,  Horst M\u00f6ller et de Son  Excellence   l\u2019ambassadeur  Fran\u00e7ois  Scheer. Introduction faite par Madame<\/em> <em>Christiane Deussen, directrice de la Maison Heine, puis par le pr\u00e9sident du Comit\u00e9 Jean-Fran\u00e7ois Eck.<\/em><\/p>\n<p><span style=\"color: #999999;\"><em>Cliquez sur la photo choisie pour l&rsquo;agrandir.<\/em><\/span><\/p>\n<div id='gallery-1' class='gallery galleryid-986 gallery-columns-3 gallery-size-thumbnail'><figure class='gallery-item'>\n\t\t\t<div class='gallery-icon landscape'>\n\t\t\t\t<a href='http:\/\/www.historikerkomitee.de\/wordpress\/wp-content\/uploads\/Vue10_31112011.jpg'><img width=\"150\" height=\"150\" src=\"http:\/\/www.historikerkomitee.de\/wordpress\/wp-content\/uploads\/Vue10_31112011-150x150.jpg\" class=\"attachment-thumbnail size-thumbnail\" alt=\"\" loading=\"lazy\" \/><\/a>\n\t\t\t<\/div><\/figure><figure class='gallery-item'>\n\t\t\t<div class='gallery-icon landscape'>\n\t\t\t\t<a href='http:\/\/www.historikerkomitee.de\/wordpress\/wp-content\/uploads\/Vue1_311120111.jpg'><img width=\"150\" height=\"150\" src=\"http:\/\/www.historikerkomitee.de\/wordpress\/wp-content\/uploads\/Vue1_311120111-150x150.jpg\" class=\"attachment-thumbnail size-thumbnail\" alt=\"\" loading=\"lazy\" \/><\/a>\n\t\t\t<\/div><\/figure><figure class='gallery-item'>\n\t\t\t<div class='gallery-icon portrait'>\n\t\t\t\t<a href='http:\/\/www.historikerkomitee.de\/wordpress\/wp-content\/uploads\/Vue2_31112011.jpg'><img width=\"150\" height=\"150\" src=\"http:\/\/www.historikerkomitee.de\/wordpress\/wp-content\/uploads\/Vue2_31112011-150x150.jpg\" class=\"attachment-thumbnail size-thumbnail\" alt=\"\" loading=\"lazy\" \/><\/a>\n\t\t\t<\/div><\/figure><figure class='gallery-item'>\n\t\t\t<div class='gallery-icon landscape'>\n\t\t\t\t<a href='http:\/\/www.historikerkomitee.de\/wordpress\/wp-content\/uploads\/Vue3_31112011.jpg'><img width=\"150\" height=\"150\" src=\"http:\/\/www.historikerkomitee.de\/wordpress\/wp-content\/uploads\/Vue3_31112011-150x150.jpg\" class=\"attachment-thumbnail size-thumbnail\" alt=\"\" loading=\"lazy\" \/><\/a>\n\t\t\t<\/div><\/figure><figure class='gallery-item'>\n\t\t\t<div class='gallery-icon landscape'>\n\t\t\t\t<a href='http:\/\/www.historikerkomitee.de\/wordpress\/wp-content\/uploads\/Vue4_31112011.jpg'><img width=\"150\" height=\"150\" src=\"http:\/\/www.historikerkomitee.de\/wordpress\/wp-content\/uploads\/Vue4_31112011-150x150.jpg\" class=\"attachment-thumbnail size-thumbnail\" alt=\"\" loading=\"lazy\" \/><\/a>\n\t\t\t<\/div><\/figure><figure class='gallery-item'>\n\t\t\t<div class='gallery-icon landscape'>\n\t\t\t\t<a href='http:\/\/www.historikerkomitee.de\/wordpress\/wp-content\/uploads\/Vue6_31112011.jpg'><img width=\"150\" height=\"150\" src=\"http:\/\/www.historikerkomitee.de\/wordpress\/wp-content\/uploads\/Vue6_31112011-150x150.jpg\" class=\"attachment-thumbnail size-thumbnail\" alt=\"\" loading=\"lazy\" \/><\/a>\n\t\t\t<\/div><\/figure><figure class='gallery-item'>\n\t\t\t<div class='gallery-icon landscape'>\n\t\t\t\t<a href='http:\/\/www.historikerkomitee.de\/wordpress\/wp-content\/uploads\/Vue7_31112011.jpg'><img width=\"150\" height=\"150\" src=\"http:\/\/www.historikerkomitee.de\/wordpress\/wp-content\/uploads\/Vue7_31112011-150x150.jpg\" class=\"attachment-thumbnail size-thumbnail\" alt=\"\" loading=\"lazy\" \/><\/a>\n\t\t\t<\/div><\/figure><figure class='gallery-item'>\n\t\t\t<div class='gallery-icon landscape'>\n\t\t\t\t<a href='http:\/\/www.historikerkomitee.de\/wordpress\/wp-content\/uploads\/Vue8_31112011.jpg'><img width=\"150\" height=\"150\" src=\"http:\/\/www.historikerkomitee.de\/wordpress\/wp-content\/uploads\/Vue8_31112011-150x150.jpg\" class=\"attachment-thumbnail size-thumbnail\" alt=\"\" loading=\"lazy\" \/><\/a>\n\t\t\t<\/div><\/figure><figure class='gallery-item'>\n\t\t\t<div class='gallery-icon landscape'>\n\t\t\t\t<a href='http:\/\/www.historikerkomitee.de\/wordpress\/wp-content\/uploads\/Vue9_31112011.jpg'><img width=\"150\" height=\"150\" src=\"http:\/\/www.historikerkomitee.de\/wordpress\/wp-content\/uploads\/Vue9_31112011-150x150.jpg\" class=\"attachment-thumbnail size-thumbnail\" alt=\"\" loading=\"lazy\" \/><\/a>\n\t\t\t<\/div><\/figure>\n\t\t<\/div>\n\n<h4 style=\"text-align: center;\"><strong> <\/strong><strong> <\/strong><strong> <\/strong><\/h4>\n<h3 style=\"text-align: center;\"><strong> <\/strong><\/h3>\n<p><em>L&rsquo;intervention du professeur <\/em><em>Georges-Henri Soutou, souffrant, \u00e9tait pr\u00e9sent\u00e9e par le Professeur Etienne Fran\u00e7ois.<br \/>\n<\/em><\/p>\n<p style=\"text-align: justify;\">Ev\u00e9nement    majeur de l\u2019histoire des relations Est-Ouest,  l\u2019\u00e9dification du Mur  de   Berlin, il y a un demi-si\u00e8cle, concerne au  premier chef les  rapports   franco-allemands. La France, en tant que  puissance occupante   directement  impliqu\u00e9e dans le statut de Berlin,  revoit en partie sa   vision des  rapports entre les deux Allemagnes. Le  Mur, install\u00e9 au   coeur d\u2019une  grande m\u00e9tropole, est appel\u00e9 \u00e0 tenir une  place majeure   dans la vie  sociale et culturelle, mais aussi dans les  m\u00e9moires et les   mentalit\u00e9s,  tant en France que dans les autres pays  d\u2019Europe.   Cinquante ans apr\u00e8s  l\u2019\u00e9v\u00e9nement, le but de cette table ronde,    organis\u00e9e \u00e0 l\u2019initiative du  Comit\u00e9 franco-allemand de recherches sur    l\u2019histoire de la France et de  l\u2019Allemagne aux XIX<sup>e<\/sup> et XX<sup>e<\/sup> si\u00e8cles, est de  confronter les points de vue d\u2019historiens et d\u2019acteurs    des deux pays, de  dresser le bilan des travaux effectu\u00e9s et de faire    le point sur les  recherches en cours, \u00e0 la lumi\u00e8re des perspectives    offertes par les  \u00e9volutions ult\u00e9rieures.<\/p>\n<p style=\"text-align: justify;\">Das   weittragendste Ereignis in der Geschichte der Ost-West-Beziehungen, der   Bau der Berliner Mauer vor einem halben Jahrhundert, betrifft vor allem   die deutsch-franz\u00f6sischen Beziehungen. Frankreich, als Besatzungsmacht   direkt in das Berlinstatut eingebunden, \u00fcberdachte teilweise seine   Auffassung \u00fcber die Beziehung der beiden deutschen Staaten. Die Mauer,   die im Herzen einer gro\u00dfen Metropole errichtet worden war, sollte einen   wichtigen Platz im sozialen und kulturellen Leben, aber auch in den   Erinnerungen und Mentalit\u00e4ten Frankreichs sowie der anderen europ\u00e4ischen   L\u00e4nder einnehmen. F\u00fcnfzig Jahre nach dem Ereignis ist das Ziel dieses   Runden Tisches, der auf Initiative des deutsch-franz\u00f6sischen   Historikerkomitees stattfindet, die Standpunkte von Historikern und   Akteuren beider L\u00e4nder gegen\u00fcberzustellen, eine Bilanz zu den   durchgef\u00fchrten Arbeiten zu ziehen und das Augenmerk auf laufende   Forschungsarbeiten zu richten und dies in Abetracht der Perspektiven,   die k\u00fcnftige Entwicklungen bieten.<\/p>\n<p><em>La Fondation de l\u2019Allemagne \u2013 Maison Heinrich Heine est situ\u00e9e dans le parc de la Cit\u00e9\u00a0internationale\u00a0universitaire de Paris. <\/em><strong>RER : Cit\u00e9 universitaire<\/strong><\/p>\n<div class=\"wp-socializer wpsr-share-icons\" data-lg-action=\"show\" data-sm-action=\"show\" data-sm-width=\"768\"><div class=\"wpsr-si-inner\"><div class=\"socializer sr-popup sr-32px sr-squircle sr-opacity sr-pad\"><span class=\"sr-facebook\"><a data-id=\"facebook\" style=\"color:#ffffff;\" rel=\"nofollow\" href=\"https:\/\/www.facebook.com\/share.php?u=\" target=\"_blank\" title=\"Share this on Facebook\"><i class=\"fab fa-facebook-f\"><\/i><\/a><\/span>\n<span class=\"sr-twitter\"><a data-id=\"twitter\" style=\"color:#ffffff;\" rel=\"nofollow\" href=\"https:\/\/twitter.com\/intent\/tweet?text=%20-%20%20\" target=\"_blank\" title=\"Tweet this !\"><i class=\"fab fa-twitter\"><\/i><\/a><\/span>\n<span class=\"sr-linkedin\"><a data-id=\"linkedin\" style=\"color:#ffffff;\" rel=\"nofollow\" href=\"https:\/\/www.linkedin.com\/sharing\/share-offsite\/?url=\" target=\"_blank\" title=\"Add this to LinkedIn\"><i class=\"fab fa-linkedin-in\"><\/i><\/a><\/span>\n<span class=\"sr-pdf\"><a data-id=\"pdf\" style=\"color:#ffffff;\" rel=\"nofollow\" href=\"https:\/\/www.printfriendly.com\/print?url=\" target=\"_blank\" title=\"Convert to PDF\"><i class=\"fa fa-file-pdf\"><\/i><\/a><\/span>\n<span class=\"sr-share-menu\"><a href=\"#\" target=\"_blank\" title=\"More share links\" style=\"color:#ffffff;\" data-metadata=\"{&quot;url&quot;:&quot;&quot;,&quot;title&quot;:&quot;&quot;,&quot;excerpt&quot;:&quot;&quot;,&quot;image&quot;:&quot;&quot;,&quot;short-url&quot;:&quot;&quot;,&quot;rss-url&quot;:&quot;http:\\\/\\\/www.historikerkomitee.de\\\/?feed=rss2&quot;,&quot;comments-section&quot;:&quot;comments&quot;,&quot;raw-url&quot;:null,&quot;twitter-username&quot;:&quot;&quot;,&quot;fb-app-id&quot;:&quot;&quot;,&quot;fb-app-secret&quot;:&quot;&quot;}\"><i class=\"fa fa-plus\"><\/i><\/a><\/span><\/div><\/div><\/div>","protected":false},"excerpt":{"rendered":"<p>Table ronde organis\u00e9e par le Comit\u00e9 La France et la construction du Mur de Berlin le mercredi 30 novembre 2011 \u00e0 19h30 \u00e0 la Maison Heinrich Heine (Cit\u00e9 internationale \u00e0 Paris) Apr\u00e8s la table-ronde organis\u00e9e par le Comit\u00e9 mercredi 30 novembre pour comm\u00e9morer le 50e anniversaire de la construction du mur de Berlin (La France &hellip; <a href=\"http:\/\/www.historikerkomitee.de\/?page_id=986\" class=\"more-link\">Continuer la lecture de <span class=\"screen-reader-text\">Table-ronde du 30 nov. 2011 &#8211; reportage photos<\/span>  <span class=\"meta-nav\">&rarr;<\/span><\/a><\/p>\n","protected":false},"author":3,"featured_media":0,"parent":127,"menu_order":5,"comment_status":"closed","ping_status":"closed","template":"","meta":[],"acf":[],"_links":{"self":[{"href":"http:\/\/www.historikerkomitee.de\/index.php?rest_route=\/wp\/v2\/pages\/986"}],"collection":[{"href":"http:\/\/www.historikerkomitee.de\/index.php?rest_route=\/wp\/v2\/pages"}],"about":[{"href":"http:\/\/www.historikerkomitee.de\/index.php?rest_route=\/wp\/v2\/types\/page"}],"author":[{"embeddable":true,"href":"http:\/\/www.historikerkomitee.de\/index.php?rest_route=\/wp\/v2\/users\/3"}],"replies":[{"embeddable":true,"href":"http:\/\/www.historikerkomitee.de\/index.php?rest_route=%2Fwp%2Fv2%2Fcomments&post=986"}],"version-history":[{"count":9,"href":"http:\/\/www.historikerkomitee.de\/index.php?rest_route=\/wp\/v2\/pages\/986\/revisions"}],"predecessor-version":[{"id":2230,"href":"http:\/\/www.historikerkomitee.de\/index.php?rest_route=\/wp\/v2\/pages\/986\/revisions\/2230"}],"up":[{"embeddable":true,"href":"http:\/\/www.historikerkomitee.de\/index.php?rest_route=\/wp\/v2\/pages\/127"}],"wp:attachment":[{"href":"http:\/\/www.historikerkomitee.de\/index.php?rest_route=%2Fwp%2Fv2%2Fmedia&parent=986"}],"curies":[{"name":"wp","href":"https:\/\/api.w.org\/{rel}","templated":true}]}}